{"id":81,"date":"2017-02-06T15:34:21","date_gmt":"2017-02-06T15:34:21","guid":{"rendered":"http:\/\/localhost\/englishtco\/home\/"},"modified":"2025-09-25T08:45:10","modified_gmt":"2025-09-25T08:45:10","slug":"inicio","status":"publish","type":"page","link":"https:\/\/www.englishtco.com\/es\/","title":{"rendered":"Home"},"content":{"rendered":"<p>&nbsp;<\/p>\n<h2>Servicios de formaci\u00f3n:<\/h2>\n<p>&nbsp;<\/p>\n<ol>\n<li>\n<h3>Clases de ingl\u00e9s para empresas y profesionales<\/h3>\n<\/li>\n<li>\n<h3>Coaching individual en presentaciones en ingl\u00e9s<\/h3>\n<\/li>\n<li>\n<h3>Talleres e intensivos de business skills en ingl\u00e9s (e.j, presentaciones, reuniones, networking, sales pitches, trabajo en equipos y m\u00e1s.)<\/h3>\n<\/li>\n<\/ol>\n<p>&nbsp;<\/p>\n<hr \/>\n<div id=\"businesspractice\">\n<h3><\/h3>\n<div id=\"businesspractice\">\n<h3 id=\"inter-engl\">1) Clases de ingl\u00e9s para empresas y profesionales particulares<\/h3>\n<p class=\"text\">= Online (por videoconferencia) o presencial. Clases individuales (1 to 1) y clases en grupos (hasta 5 personas).<\/p>\n<p class=\"text\">Clases pr\u00e1cticas y din\u00e1micas de ingl\u00e9s y\/o ingl\u00e9s de negocios.<\/p>\n<p class=\"text\">Las clases de ingl\u00e9s de negocios tienen el enfoque pr\u00e1ctico para hablar, reunirse y hacer presentaciones en ingl\u00e9s con m\u00e1s comodidad y confianza.<\/p>\n<p class=\"text\">M\u00e9todo: pr\u00e1ctico, din\u00e1mico y comunicativo. Seguimiento y evaluaciones a los alumnos.<\/p>\n<p>&nbsp;<\/p>\n<hr \/>\n<\/div>\n<p>&nbsp;<\/p>\n<h3>2) Coaching individual en presentaciones en ingl\u00e9s<\/h3>\n<div id=\"bizpractice\">\n<p>= Online (por videoconferencia) o presencial. Coaching individual (1 to 1).<\/p>\n<p>Transforma tus presentaciones en ingl\u00e9s y haz presentaciones en ingl\u00e9s con m\u00e1s comodidad y confianza en ingl\u00e9s.<\/p>\n<p>Metodolog\u00eda: Entrenamiento pr\u00e1ctico en ingl\u00e9s y aprender haciendo (practicando). Aplicamos t\u00e9cnicas de coaching a tus t\u00e9cnicas\u00a0 de presentaci\u00f3n en ingl\u00e9s. El proceso de coaching se basa en estas \u00e1reas para ayudarte a: superar tus miedos, practicar habilidades de presentaci\u00f3n en ingl\u00e9s, dar feedback personalizado de coaching, tener un compa\u00f1ero de responsabilidad (\u00abaccountability partner\u00bb) y motivarte para alcanzar tus objetivos de Presentaci\u00f3n en Ingl\u00e9s.<\/p>\n<\/div>\n<p>Nivel de ingl\u00e9s: intermedio alto B2 y\/o avanzado C1.<\/p>\n<div id=\"businesspractice\">\n<p class=\"text\">\n<\/div>\n<p>&nbsp;<\/p>\n<\/div>\n<div id=\"businesspractice\">\n<hr \/>\n<\/div>\n<h3><\/h3>\n<div id=\"bizpractice\">\n<h3>3) Talleres e intensivos de business skills en ingl\u00e9s<\/h3>\n<p class=\"text\">= Online (por videoconferencia) o presencial. Talleres e intensivos grupales.<\/p>\n<ul>\n<li>Presentations in English<\/li>\n<li>Meetings in English<\/li>\n<li>Assertive Communication in English<\/li>\n<li>Small talk and networking in English<\/li>\n<li>Sales presentations and sales pitches in English<\/li>\n<li>Teamwork and multicultural teams in English<\/li>\n<\/ul>\n<p>Metodolog\u00eda: Formaci\u00f3n altamente pr\u00e1ctica y din\u00e1mica. Aprender practicando. T\u00e9cnicas, ingl\u00e9s, coaching y feedback.<\/p>\n<p>Programas: cada programa consta de 2 a 6 sesiones de 1,5 horas. Programas personalizados e intensivos personalizados.<\/p>\n<\/div>\n<p>Nivel de ingl\u00e9s: intermedio alto B2 y\/o avanzado C1.<\/p>\n<p>&nbsp;<\/p>\n<div id=\"bizpractice\">\n<hr \/>\n<p>&nbsp;<\/p>\n<\/div>\n","protected":false},"excerpt":{"rendered":"<p>&nbsp; Servicios de formaci\u00f3n: &nbsp; Clases de ingl\u00e9s para empresas y profesionales Coaching individual en presentaciones en ingl\u00e9s Talleres e intensivos de business skills en ingl\u00e9s (e.j, presentaciones, reuniones, networking, sales pitches, trabajo en equipos y m\u00e1s.) &nbsp; 1) Clases de ingl\u00e9s para empresas y profesionales particulares = Online (por videoconferencia) o presencial. Clases individuales [&hellip;]<\/p>\n","protected":false},"author":1,"featured_media":0,"parent":0,"menu_order":0,"comment_status":"closed","ping_status":"closed","template":"page-home.php","meta":[],"yoast_head":"<!-- This site is optimized with the Yoast SEO plugin v20.1 - https:\/\/yoast.com\/wordpress\/plugins\/seo\/ -->\n<title>Home - The English Training Company<\/title>\n<meta name=\"description\" content=\"Feel good - speak, meet and present with confidence in English. Sentirte bien - habla, participa en reuniones y haz presentaciones en ingl\u00e9s con confianza.\" \/>\n<meta name=\"robots\" content=\"index, follow, max-snippet:-1, max-image-preview:large, max-video-preview:-1\" \/>\n<link rel=\"canonical\" href=\"https:\/\/www.englishtco.com\/es\/\" \/>\n<meta property=\"og:locale\" content=\"es_ES\" \/>\n<meta property=\"og:type\" content=\"article\" \/>\n<meta property=\"og:title\" content=\"Home - The English Training Company\" \/>\n<meta property=\"og:description\" content=\"Feel good - speak, meet and present with confidence in English. Sentirte bien - habla, participa en reuniones y haz presentaciones en ingl\u00e9s con confianza.\" \/>\n<meta property=\"og:url\" content=\"https:\/\/www.englishtco.com\/es\/\" \/>\n<meta property=\"og:site_name\" content=\"The English Training Company\" \/>\n<meta property=\"article:modified_time\" content=\"2025-09-25T08:45:10+00:00\" \/>\n<meta name=\"twitter:card\" content=\"summary_large_image\" \/>\n<meta name=\"twitter:label1\" content=\"Tiempo de lectura\" \/>\n\t<meta name=\"twitter:data1\" content=\"2 minutos\" \/>\n<script type=\"application\/ld+json\" class=\"yoast-schema-graph\">{\"@context\":\"https:\/\/schema.org\",\"@graph\":[{\"@type\":\"WebPage\",\"@id\":\"https:\/\/www.englishtco.com\/es\/\",\"url\":\"https:\/\/www.englishtco.com\/es\/\",\"name\":\"Home - The English Training Company\",\"isPartOf\":{\"@id\":\"https:\/\/www.englishtco.com\/#website\"},\"datePublished\":\"2017-02-06T15:34:21+00:00\",\"dateModified\":\"2025-09-25T08:45:10+00:00\",\"description\":\"Feel good - speak, meet and present with confidence in English. Sentirte bien - habla, participa en reuniones y haz presentaciones en ingl\u00e9s con confianza.\",\"breadcrumb\":{\"@id\":\"https:\/\/www.englishtco.com\/es\/#breadcrumb\"},\"inLanguage\":\"es\",\"potentialAction\":[{\"@type\":\"ReadAction\",\"target\":[\"https:\/\/www.englishtco.com\/es\/\"]}]},{\"@type\":\"BreadcrumbList\",\"@id\":\"https:\/\/www.englishtco.com\/es\/#breadcrumb\",\"itemListElement\":[{\"@type\":\"ListItem\",\"position\":1,\"name\":\"Home\",\"item\":\"https:\/\/www.englishtco.com\/es\/\"},{\"@type\":\"ListItem\",\"position\":2,\"name\":\"Home\"}]},{\"@type\":\"WebSite\",\"@id\":\"https:\/\/www.englishtco.com\/#website\",\"url\":\"https:\/\/www.englishtco.com\/\",\"name\":\"The English Training Company\",\"description\":\"Transform and accelerate the speaking confidence in English\",\"publisher\":{\"@id\":\"https:\/\/www.englishtco.com\/#organization\"},\"potentialAction\":[{\"@type\":\"SearchAction\",\"target\":{\"@type\":\"EntryPoint\",\"urlTemplate\":\"https:\/\/www.englishtco.com\/?s={search_term_string}\"},\"query-input\":\"required name=search_term_string\"}],\"inLanguage\":\"es\"},{\"@type\":\"Organization\",\"@id\":\"https:\/\/www.englishtco.com\/#organization\",\"name\":\"The English Training Company\",\"url\":\"https:\/\/www.englishtco.com\/\",\"logo\":{\"@type\":\"ImageObject\",\"inLanguage\":\"es\",\"@id\":\"https:\/\/www.englishtco.com\/#\/schema\/logo\/image\/\",\"url\":\"https:\/\/www.englishtco.com\/wp-content\/uploads\/2017\/02\/logo4.png\",\"contentUrl\":\"https:\/\/www.englishtco.com\/wp-content\/uploads\/2017\/02\/logo4.png\",\"width\":234,\"height\":155,\"caption\":\"The English Training Company\"},\"image\":{\"@id\":\"https:\/\/www.englishtco.com\/#\/schema\/logo\/image\/\"},\"sameAs\":[\"http:\/\/linkedin\/in\/christopherwright1\/\"]}]}<\/script>\n<!-- \/ Yoast SEO plugin. -->","yoast_head_json":{"title":"Home - The English Training Company","description":"Feel good - speak, meet and present with confidence in English. Sentirte bien - habla, participa en reuniones y haz presentaciones en ingl\u00e9s con confianza.","robots":{"index":"index","follow":"follow","max-snippet":"max-snippet:-1","max-image-preview":"max-image-preview:large","max-video-preview":"max-video-preview:-1"},"canonical":"https:\/\/www.englishtco.com\/es\/","og_locale":"es_ES","og_type":"article","og_title":"Home - The English Training Company","og_description":"Feel good - speak, meet and present with confidence in English. Sentirte bien - habla, participa en reuniones y haz presentaciones en ingl\u00e9s con confianza.","og_url":"https:\/\/www.englishtco.com\/es\/","og_site_name":"The English Training Company","article_modified_time":"2025-09-25T08:45:10+00:00","twitter_card":"summary_large_image","twitter_misc":{"Tiempo de lectura":"2 minutos"},"schema":{"@context":"https:\/\/schema.org","@graph":[{"@type":"WebPage","@id":"https:\/\/www.englishtco.com\/es\/","url":"https:\/\/www.englishtco.com\/es\/","name":"Home - The English Training Company","isPartOf":{"@id":"https:\/\/www.englishtco.com\/#website"},"datePublished":"2017-02-06T15:34:21+00:00","dateModified":"2025-09-25T08:45:10+00:00","description":"Feel good - speak, meet and present with confidence in English. Sentirte bien - habla, participa en reuniones y haz presentaciones en ingl\u00e9s con confianza.","breadcrumb":{"@id":"https:\/\/www.englishtco.com\/es\/#breadcrumb"},"inLanguage":"es","potentialAction":[{"@type":"ReadAction","target":["https:\/\/www.englishtco.com\/es\/"]}]},{"@type":"BreadcrumbList","@id":"https:\/\/www.englishtco.com\/es\/#breadcrumb","itemListElement":[{"@type":"ListItem","position":1,"name":"Home","item":"https:\/\/www.englishtco.com\/es\/"},{"@type":"ListItem","position":2,"name":"Home"}]},{"@type":"WebSite","@id":"https:\/\/www.englishtco.com\/#website","url":"https:\/\/www.englishtco.com\/","name":"The English Training Company","description":"Transform and accelerate the speaking confidence in English","publisher":{"@id":"https:\/\/www.englishtco.com\/#organization"},"potentialAction":[{"@type":"SearchAction","target":{"@type":"EntryPoint","urlTemplate":"https:\/\/www.englishtco.com\/?s={search_term_string}"},"query-input":"required name=search_term_string"}],"inLanguage":"es"},{"@type":"Organization","@id":"https:\/\/www.englishtco.com\/#organization","name":"The English Training Company","url":"https:\/\/www.englishtco.com\/","logo":{"@type":"ImageObject","inLanguage":"es","@id":"https:\/\/www.englishtco.com\/#\/schema\/logo\/image\/","url":"https:\/\/www.englishtco.com\/wp-content\/uploads\/2017\/02\/logo4.png","contentUrl":"https:\/\/www.englishtco.com\/wp-content\/uploads\/2017\/02\/logo4.png","width":234,"height":155,"caption":"The English Training Company"},"image":{"@id":"https:\/\/www.englishtco.com\/#\/schema\/logo\/image\/"},"sameAs":["http:\/\/linkedin\/in\/christopherwright1\/"]}]}},"_links":{"self":[{"href":"https:\/\/www.englishtco.com\/es\/wp-json\/wp\/v2\/pages\/81"}],"collection":[{"href":"https:\/\/www.englishtco.com\/es\/wp-json\/wp\/v2\/pages"}],"about":[{"href":"https:\/\/www.englishtco.com\/es\/wp-json\/wp\/v2\/types\/page"}],"author":[{"embeddable":true,"href":"https:\/\/www.englishtco.com\/es\/wp-json\/wp\/v2\/users\/1"}],"replies":[{"embeddable":true,"href":"https:\/\/www.englishtco.com\/es\/wp-json\/wp\/v2\/comments?post=81"}],"version-history":[{"count":353,"href":"https:\/\/www.englishtco.com\/es\/wp-json\/wp\/v2\/pages\/81\/revisions"}],"predecessor-version":[{"id":4292,"href":"https:\/\/www.englishtco.com\/es\/wp-json\/wp\/v2\/pages\/81\/revisions\/4292"}],"wp:attachment":[{"href":"https:\/\/www.englishtco.com\/es\/wp-json\/wp\/v2\/media?parent=81"}],"curies":[{"name":"wp","href":"https:\/\/api.w.org\/{rel}","templated":true}]}}