{"id":1987,"date":"2018-05-29T10:51:58","date_gmt":"2018-05-29T10:51:58","guid":{"rendered":"http:\/\/www.englishtco.com\/?page_id=1987\/"},"modified":"2024-10-31T12:36:43","modified_gmt":"2024-10-31T12:36:43","slug":"politica-de-cookies","status":"publish","type":"page","link":"https:\/\/www.englishtco.com\/es\/politica-de-cookies\/","title":{"rendered":"Pol\u00edtica de Cookies"},"content":{"rendered":"<p><strong>LSSI \u2013 POL\u00cdTICA DE COOKIES<\/strong><\/p>\n<p><strong>WWW.ENGLISHTCO.COM\u00a0<\/strong><\/p>\n<p><strong>THE ENGLISH TRAINING COMPANY Y CHRISTOPHER WRIGHT.<\/strong><\/p>\n<p><strong>\u00a0<\/strong><\/p>\n<p><strong>POL\u00cdTICA DE COOKIES\u00a0<\/strong><\/p>\n<p><strong>\u00bfQu\u00e9 son las cookies?\u00a0<\/strong><\/p>\n<p>En ingl\u00e9s, el t\u00e9rmino \u201ccookie\u201d significa galleta, pero en el \u00e1mbito de la navegaci\u00f3n web, una \u201ccookie\u201d es algo completamente distinto.<\/p>\n<p>Cuando accedes a nuestra web, en el navegador de tu dispositivo se almacena una peque\u00f1a cantidad de texto que se denomina \u201ccookie\u201d. Este texto contiene informaci\u00f3n variada sobre tu navegaci\u00f3n, h\u00e1bitos, preferencias, personalizaciones de contenidos, etc\u2026<\/p>\n<p>Existen otras tecnolog\u00edas que funcionan de manera similar y que tambi\u00e9n se usan para recopilar datos sobre tu actividad de navegaci\u00f3n. Llamaremos \u201ccookies\u201d a todas estas tecnolog\u00edas en su conjunto.<\/p>\n<p>Los usos concretos que hacemos de estas tecnolog\u00edas se describen en el presente documento.<\/p>\n<p><strong>\u00bfPara qu\u00e9 se utilizan las cookies en esta web?\u00a0<\/strong><\/p>\n<p>Las cookies son una parte esencial de c\u00f3mo funciona nuestro sitio web. El objetivo principal de nuestras cookies es mejorar tu experiencia en la navegaci\u00f3n. Por ejemplo, para recordar tus preferencias (idioma, pa\u00eds, etc.) durante la navegaci\u00f3n y en futuras visitas. La informaci\u00f3n recogida en las cookies nos permite adem\u00e1s mejorar la web, adaptarla a tus intereses como usuario, acelerar las b\u00fasquedas que realices, etc..<\/p>\n<p>En determinados casos, si hemos obtenido tu previo consentimiento informado, podremos utilizar\u00a0para otros usos, como por ejemplo para obtener informaci\u00f3n que nos permita mostrarte publicidad basada en el an\u00e1lisis de tus h\u00e1bitos de navegaci\u00f3n.<\/p>\n<p><strong>\u00bfPara qu\u00e9 NO se utilizan las cookies en esta web?\u00a0<\/strong><\/p>\n<p>En las cookies que utilizamos no se almacena informaci\u00f3n sensible de identificaci\u00f3n personal como tu nombre, direcci\u00f3n, tu contrase\u00f1a, etc\u2026<\/p>\n<p><strong>\u00bfQui\u00e9n utiliza la informaci\u00f3n almacenada en las cookies?\u00a0<\/strong><\/p>\n<p>La informaci\u00f3n almacenada en las cookies de nuestro sitio web es utilizada exclusivamente por nosotros, a excepci\u00f3n de aquellas identificadas m\u00e1s adelante como \u2018cookie de terceros\u2019, que son utilizadas y gestionadas por entidades externas que nos proporcionan servicios que mejoran la experiencia del usuario. Por ejemplo las estad\u00edsticas que se recogen sobre el n\u00famero de visitas, el contenido que m\u00e1s gusta, etc\u2026 lo suele gestionar GOOGLE ANALYTICS .<\/p>\n<p>Las cookies de terceros tambi\u00e9n se suelen utilizar para garantizar las operaciones de pago realizadas a trav\u00e9s de la web.<\/p>\n<p><strong>\u00bfC\u00f3mo puedo evitar el uso de cookies en este sitio web?\u00a0<\/strong><\/p>\n<p>Si prefieres evitar el uso de las cookies, puedes RECHAZAR su uso o puedes CONFIGURAR las que quieres evitar y las que permites utilizar (en este documento te damos informaci\u00f3n ampliada al respecto de cada tipo de cookie, su finalidad, destinatario, temporalidad, etc\u2026 ).<\/p>\n<p>Si las has aceptado, no volveremos a preguntarte a menos que borres las cookies en tu dispositivo seg\u00fan se indica en el apartado siguiente.<\/p>\n<p>Si quieres revocar el consentimiento tendr\u00e1s que eliminar las cookies y volver a configurarlas.<\/p>\n<p><strong>\u00bfC\u00f3mo deshabilito y elimino la utilizaci\u00f3n de cookies?\u00a0<\/strong><\/p>\n<p>Para restringir, bloquear o borrar las cookies de este sitio web (y las usada por terceros) puedes hacerlo, en cualquier momento, modificando la configuraci\u00f3n de tu navegador. Ten en cuenta que esta configuraci\u00f3n es diferente en cada navegador, si bien es habitual encontrar la configuraci\u00f3n de cookies en el men\u00fa \u2018Preferencias\u2019 \u2018Herramientas\u2019 \u201cOpciones\u201d y despu\u00e9s en \u201cPrivacidad y Seguridad\u201d \u00f3 en \u201cborrar datos de navegaci\u00f3n\u201d, etc\u2026<\/p>\n<p>Para m\u00e1s detalle sobre la configuraci\u00f3n de las cookies en cada navegador, puedes consultar el men\u00fa \u2018Ayuda\u2019 del mismo.<\/p>\n<p><strong>\u00bfQu\u00e9 tipos de cookies se utilizan en esta p\u00e1gina web?\u00a0<\/strong><\/p>\n<p>Cada p\u00e1gina web utiliza sus propias cookies. En nuestra web utilizamos las que se indican a continuaci\u00f3n:<\/p>\n<p><strong>SEG\u00daN LA ENTIDAD QUE LO GESTIONA\u00a0<\/strong><\/p>\n<ul>\n<li><strong>Cookies propias:\u00a0<\/strong><\/li>\n<\/ul>\n<p>son aquellas que se env\u00edan al equipo terminal del usuario desde un equipo o dominio gestionado por el propio editor y desde el que se presta el servicio solicitado por el usuario.<\/p>\n<ul>\n<li><strong>Cookies de terceros:\u00a0<\/strong><\/li>\n<\/ul>\n<p>son aquellas que se env\u00edan al equipo terminal del usuario desde un equipo o dominio que no es gestionado por el editor, sino por otra entidad que trata los datos obtenidos trav\u00e9s de las cookies.<\/p>\n<p>En el caso de que las cookies sean servidas desde un equipo o dominio gestionado por el propio editor, pero la informaci\u00f3n que se recoja mediante estas sea gestionada por un tercero, no pueden ser consideradas como cookies propias si el tercero las utiliza para sus propias finalidades (por ejemplo, la mejora de los servicios que presta o la prestaci\u00f3n de servicios de car\u00e1cter publicitario a favor de otras entidades).<\/p>\n<p><strong>SEG\u00daN SU FINALIDAD\u00a0\u00a0<\/strong><\/p>\n<ul>\n<li><strong>Cookies t\u00e9cnicas:\u00a0<\/strong><\/li>\n<\/ul>\n<p>son aquellas necesarias para la navegaci\u00f3n y el buen funcionamiento de nuestra p\u00e1gina web, como por ejemplo, controlar el tr\u00e1fico y la comunicaci\u00f3n de datos, identificar la sesi\u00f3n, acceder a partes de acceso restringido, recordar los elementos que integran un pedido, realizar el proceso de compra de un pedido,<\/p>\n<p>gestionar el pago, controlar el fraude vinculado a la seguridad del servicio, realizar la solicitud de inscripci\u00f3n o participaci\u00f3n en un evento, contar visitas a efectos de la facturaci\u00f3n de licencias del software con el que funciona el servicio (sitio web, plataforma o aplicaci\u00f3n), utilizar elementos de seguridad durante la navegaci\u00f3n, almacenar contenidos para la difusi\u00f3n de v\u00eddeos o sonido, habilitar<\/p>\n<p>contenidos din\u00e1micos (por ejemplo, animaci\u00f3n de carga de un texto o imagen) o compartir contenidos a trav\u00e9s de redes sociales.<\/p>\n<ul>\n<li><strong>Cookies de an\u00e1lisis:\u00a0<\/strong><\/li>\n<\/ul>\n<p>permiten cuantificar el n\u00famero de usuarios y as\u00ed realizar la medici\u00f3n y an\u00e1lisis estad\u00edstico de la utilizaci\u00f3n que hacen los usuarios del servicio ofertado. Para ello se analiza su navegaci\u00f3n en nuestra p\u00e1gina web con el fin de mejorar la oferta de productos o servicios que le ofrecemos.<\/p>\n<ul>\n<li><strong>Cookies de preferencias o personalizaci\u00f3n:\u00a0<\/strong><\/li>\n<\/ul>\n<p>son aquellas que permiten recordar informaci\u00f3n para que el usuario acceda al servicio con determinadas caracter\u00edsticas que pueden diferenciar su experiencia de la de otros usuarios, como, por ejemplo, el idioma, el n\u00famero de resultados a mostrar cuando el usuario realiza una b\u00fasqueda, el aspecto o contenido del servicio en funci\u00f3n del tipo de navegador a trav\u00e9s del cual el usuario accede al servicio o de la regi\u00f3n desde la que accede al servicio, etc.<\/p>\n<ul>\n<li><strong>Publicitarias comportamentales:\u00a0<\/strong><\/li>\n<\/ul>\n<p>son aquellas que, tratadas por nosotros o por terceros, nos permiten analizar sus h\u00e1bitos de navegaci\u00f3n en Internet para que podamos mostrarle publicidad relacionada con su perfil de navegaci\u00f3n.<\/p>\n<p><strong>SEG\u00daN EL PLAZO DE TIEMPO QUE PERMANECEN ACTIVADAS\u00a0<\/strong><\/p>\n<ul>\n<li><strong>Cookies de sesi\u00f3n:\u00a0<\/strong><\/li>\n<\/ul>\n<p>son aquellas dise\u00f1adas para recabar y almacenar datos mientras el usuario accede a una p\u00e1gina web.<\/p>\n<p>Se suelen emplear para almacenar informaci\u00f3n que solo interesa conservar para la prestaci\u00f3n del servicio solicitado por el usuario en una sola ocasi\u00f3n (por ejemplo, una lista de productos adquiridos) y desaparecen al terminar la sesi\u00f3n.<\/p>\n<ul>\n<li><strong>Cookies persistentes:\u00a0<\/strong><\/li>\n<\/ul>\n<p>son aquellas en las que los datos siguen almacenados en el terminal y pueden ser accedidos y tratados durante un periodo definido por el responsable de la cookie, y que puede ir de unos minutos a varios a\u00f1os. A este respecto debe valorarse espec\u00edficamente si es necesaria la utilizaci\u00f3n de cookies<\/p>\n<p>persistentes, puesto que los riesgos para la privacidad podr\u00edan reducirse mediante la utilizaci\u00f3n de cookies de sesi\u00f3n. En todo caso, cuando se instalen cookies persistentes, se recomienda reducir al m\u00ednimo necesario su duraci\u00f3n temporal atendiendo a la finalidad de su uso. A estos efectos, el<\/p>\n<p>Dictamen 4\/2012 del GT29 indic\u00f3 que para que una cookie pueda estar exenta del deber de<\/p>\n<p>consentimiento informado, su caducidad debe estar relacionada con su finalidad. Debido a ello, es mucho m\u00e1s probable que se consideren como exceptuadas las cookies de sesi\u00f3n que las persistentes.<\/p>\n<p>Detalle de cookies utilizadas en esta web:<\/p>\n<table width=\"1080\">\n<tbody>\n<tr>\n<td colspan=\"4\">Cookies t\u00e9cnicas (esenciales)<\/td>\n<\/tr>\n<tr>\n<td>Cookies<\/td>\n<td>Finalidad<\/td>\n<td>Duraci\u00f3n<\/td>\n<td>Gesti\u00f3n<\/td>\n<\/tr>\n<tr>\n<td>Identificaci\u00f3n del<\/p>\n<p>usuario<\/td>\n<td>Se utilizan para identificar al usuario, contienen datos t\u00e9cnicos de sesi\u00f3n, tiempo de espera de conexi\u00f3n, etc\u2026<\/td>\n<td>Sesi\u00f3n<\/td>\n<td>Propias<\/td>\n<\/tr>\n<tr>\n<td>Estado de la<\/p>\n<p>navegaci\u00f3n<\/td>\n<td>Se utilizan para identificar en qu\u00e9 estado de navegaci\u00f3n se encuentra el usuario: primera p\u00e1gina, primer acceso, etc..<\/td>\n<td>Sesi\u00f3n<\/td>\n<td>Propias<\/td>\n<\/tr>\n<tr>\n<td>Selecciones del usuario<\/td>\n<td>Se utilizan para guardar los valores que han sido seleccionados por el usuario: idioma, moneda, productos, talla\u2026<\/td>\n<td>Sesi\u00f3n<\/td>\n<td>Propias<\/td>\n<\/tr>\n<tr>\n<td>Favoritos y \u00faltimas<\/p>\n<p>selecciones<\/td>\n<td>Permiten recordar las selecciones favoritas del usuario o las \u00faltimas selecciones<\/td>\n<td>Persistentes<\/td>\n<td>Propias<\/td>\n<\/tr>\n<tr>\n<td>Cesta de la compra<\/td>\n<td>Almacenan la informaci\u00f3n sobre la cesta y los datos de identificaci\u00f3n del usuario vinculados a ella.<\/td>\n<td>Sesi\u00f3n<\/td>\n<td>Propias<\/td>\n<\/tr>\n<tr>\n<td>Protocolos<\/td>\n<td>Permiten gestionar cambios de dominio entre seguro (http) y no seguro (https)<\/td>\n<td>Sesi\u00f3n<\/td>\n<td>Propias<\/td>\n<\/tr>\n<tr>\n<td>Dispositivo de compra<\/td>\n<td>Permiten ofrecer las garant\u00edas suficientes para la realizaci\u00f3n de las compras. En ning\u00fan momento incluyen informaci\u00f3n sensible como pueden ser los datos de las tarjetas.<\/td>\n<td>Persistentes<\/td>\n<td>Terceros<\/td>\n<\/tr>\n<\/tbody>\n<\/table>\n<p>&nbsp;<\/p>\n<table width=\"1080\">\n<tbody>\n<tr>\n<td colspan=\"4\">Cookies de analisis<\/td>\n<\/tr>\n<tr>\n<td>Cookies<\/td>\n<td>Finalidad<\/td>\n<td>Duraci\u00f3n<\/td>\n<td>Gesti\u00f3n<\/td>\n<\/tr>\n<tr>\n<td>Google Analytics<\/td>\n<td>Permiten realizar un seguimiento mediante la herramienta Google Analytics que es un servicio proporcionado por Google para obtener informaci\u00f3n de los accesos de los usuarios a la web: n\u00famero de veces que el usuario visita la web, fechas de primera y \u00faltima visita, duraci\u00f3n de las visitas, desde qu\u00e9 p\u00e1gina accedi\u00f3 a la web, etc.. La informaci\u00f3n que genera la cookie, acerca del uso de la web, ser\u00e1 directamente transmitida y archivada por Google Inc (empresa con sede en EEUU). La configuraci\u00f3n de estas cookies est\u00e1<\/p>\n<p>predeterminada por el servicio ofrecido por Google, por lo que sugerimos que consulte la pol\u00edtica de privacidad de Google Analytics.<\/td>\n<td>Persistentes<\/td>\n<td>Terceros<\/td>\n<\/tr>\n<tr>\n<td>Optimizely<\/td>\n<td>Las cookies identificadas con el dominio optimizely.com, nos permiten optimizar el aspecto, las sensaciones y en general la experiencia de navegaci\u00f3n del usuario. Algunos de los datos guardados para an\u00e1lisis posteriores son los siguientes: n\u00famero de actualizaciones de la p\u00e1gina que ha visto el usuario, informaci\u00f3n por segmentos de visitantes, tales como el navegador usado. La configuraci\u00f3n de estas cookies est\u00e1 predeterminada por el proveedor Optimizaly Inc. (empresa con sede en EEUU) por lo que sugerimos que visite su p\u00e1gina web para m\u00e1s informaci\u00f3n.<\/td>\n<td>Persistentes<\/td>\n<td>Terceros<\/td>\n<\/tr>\n<tr>\n<td>Dispositivo de compra<\/td>\n<td>Permiten identificar el dispositivo desde el que se realizan las compras en la web para su posterior an\u00e1lisis. En ning\u00fan momento incluyen informaci\u00f3n sensible como pueden ser los datos de las tarjetas.<\/td>\n<td>Persistentes<\/td>\n<td>Terceros<\/td>\n<\/tr>\n<\/tbody>\n<\/table>\n<p>&nbsp;<\/p>\n<p><strong>Detalle de cookies utilizadas en esta web:\u00a0<\/strong><\/p>\n<table width=\"1080\">\n<tbody>\n<tr>\n<td colspan=\"4\">Cookies t\u00e9cnicas (esenciales)<\/td>\n<\/tr>\n<tr>\n<td>Cookies<\/td>\n<td>Finalidad<\/td>\n<td>Duraci\u00f3n<\/td>\n<td>Gesti\u00f3n<\/td>\n<\/tr>\n<tr>\n<td>Identificaci\u00f3n del<\/p>\n<p>usuario<\/td>\n<td>Se utilizan para identificar al usuario, contienen datos t\u00e9cnicos de sesi\u00f3n, tiempo de espera de conexi\u00f3n, etc\u2026<\/td>\n<td>Sesi\u00f3n<\/td>\n<td>Propias<\/td>\n<\/tr>\n<tr>\n<td>Estado de la<\/p>\n<p>navegaci\u00f3n<\/td>\n<td>Se utilizan para identificar en qu\u00e9 estado de navegaci\u00f3n se encuentra el usuario: primera p\u00e1gina, primer acceso, etc..<\/td>\n<td>Sesi\u00f3n<\/td>\n<td>Propias<\/td>\n<\/tr>\n<tr>\n<td>Selecciones del usuario<\/td>\n<td>Se utilizan para guardar los valores que han sido seleccionados por el usuario: idioma, moneda, productos, talla\u2026<\/td>\n<td>Sesi\u00f3n<\/td>\n<td>Propias<\/td>\n<\/tr>\n<tr>\n<td>Favoritos y \u00faltimas<\/p>\n<p>selecciones<\/td>\n<td>Permiten recordar las selecciones favoritas del usuario o las \u00faltimas selecciones<\/td>\n<td>Persistentes<\/td>\n<td>Propias<\/td>\n<\/tr>\n<tr>\n<td>Cesta de la compra<\/td>\n<td>Almacenan la informaci\u00f3n sobre la cesta y los datos de identificaci\u00f3n del usuario vinculados a ella.<\/td>\n<td>Sesi\u00f3n<\/td>\n<td>Propias<\/td>\n<\/tr>\n<tr>\n<td>Protocolos<\/td>\n<td>Permiten gestionar cambios de dominio entre seguro (http) y no seguro (https)<\/td>\n<td>Sesi\u00f3n<\/td>\n<td>Propias<\/td>\n<\/tr>\n<tr>\n<td>Dispositivo de compra<\/td>\n<td>Permiten ofrecer las garant\u00edas suficientes para la realizaci\u00f3n de las compras. En ning\u00fan momento incluyen informaci\u00f3n sensible como pueden ser los datos de las tarjetas.<\/td>\n<td>Persistentes<\/td>\n<td>Terceros<\/td>\n<\/tr>\n<\/tbody>\n<\/table>\n<p>&nbsp;<\/p>\n<table width=\"1080\">\n<tbody>\n<tr>\n<td colspan=\"4\">Cookies de an\u00e1lisis<\/td>\n<\/tr>\n<tr>\n<td>Cookies<\/td>\n<td>Finalidad<\/td>\n<td>Duraci\u00f3n<\/td>\n<td>Gesti\u00f3n<\/td>\n<\/tr>\n<tr>\n<td>Google Analytics<\/td>\n<td>Permiten realizar un seguimiento mediante la herramienta Google Analytics que es un servicio proporcionado por Google para obtener informaci\u00f3n de los accesos de los usuarios a la web: n\u00famero de veces que el usuario visita la web, fechas de primera y \u00faltima visita, duraci\u00f3n de las visitas, desde qu\u00e9 p\u00e1gina accedi\u00f3 a la web, etc.. La informaci\u00f3n que genera la cookie, acerca del uso de la web, ser\u00e1 directamente transmitida y archivada por Google Inc (empresa con sede en EEUU). La configuraci\u00f3n de estas cookies est\u00e1<\/p>\n<p>predeterminada por el servicio ofrecido por Google, por lo que sugerimos que consulte la pol\u00edtica de privacidad de Google Analytics.<\/td>\n<td>Persistentes<\/td>\n<td>Terceros<\/td>\n<\/tr>\n<tr>\n<td>Optimizely<\/td>\n<td>Las cookies identificadas con el dominio optimizely.com, nos permiten optimizar el aspecto, las sensaciones y en general la experiencia de navegaci\u00f3n del usuario. Algunos de los datos guardados para an\u00e1lisis posteriores son los siguientes: n\u00famero de actualizaciones de la p\u00e1gina que ha visto el usuario, informaci\u00f3n por segmentos de visitantes, tales como el navegador usado. La configuraci\u00f3n de estas cookies est\u00e1 predeterminada por el proveedor Optimizaly Inc. (empresa con sede en EEUU) por lo que sugerimos que visite su p\u00e1gina web para m\u00e1s informaci\u00f3n.<\/td>\n<td>Persistentes<\/td>\n<td>Terceros<\/td>\n<\/tr>\n<tr>\n<td>Dispositivo de compra<\/td>\n<td>Permiten identificar el dispositivo desde el que se realizan las compras en la web para su posterior an\u00e1lisis. En ning\u00fan momento incluyen informaci\u00f3n sensible como pueden ser los datos de las tarjetas.<\/td>\n<td>Persistentes<\/td>\n<td>Terceros<\/td>\n<\/tr>\n<\/tbody>\n<\/table>\n<p>&nbsp;<\/p>\n","protected":false},"excerpt":{"rendered":"<p>LSSI \u2013 POL\u00cdTICA DE COOKIES WWW.ENGLISHTCO.COM\u00a0 THE ENGLISH TRAINING COMPANY Y CHRISTOPHER WRIGHT. \u00a0 POL\u00cdTICA DE COOKIES\u00a0 \u00bfQu\u00e9 son las cookies?\u00a0 En ingl\u00e9s, el t\u00e9rmino \u201ccookie\u201d significa galleta, pero en el \u00e1mbito de la navegaci\u00f3n web, una \u201ccookie\u201d es algo completamente distinto. Cuando accedes a nuestra web, en el navegador de tu dispositivo se almacena [&hellip;]<\/p>\n","protected":false},"author":2,"featured_media":0,"parent":0,"menu_order":0,"comment_status":"closed","ping_status":"closed","template":"","meta":[],"yoast_head":"<!-- This site is optimized with the Yoast SEO plugin v20.1 - https:\/\/yoast.com\/wordpress\/plugins\/seo\/ -->\n<title>Pol\u00edtica de Cookies - The English Training Company<\/title>\n<meta name=\"robots\" content=\"index, follow, max-snippet:-1, max-image-preview:large, max-video-preview:-1\" \/>\n<link rel=\"canonical\" href=\"https:\/\/www.englishtco.com\/es\/politica-de-cookies\/\" \/>\n<meta property=\"og:locale\" content=\"es_ES\" \/>\n<meta property=\"og:type\" content=\"article\" \/>\n<meta property=\"og:title\" content=\"Pol\u00edtica de Cookies - The English Training Company\" \/>\n<meta property=\"og:description\" content=\"LSSI \u2013 POL\u00cdTICA DE COOKIES WWW.ENGLISHTCO.COM\u00a0 THE ENGLISH TRAINING COMPANY Y CHRISTOPHER WRIGHT. \u00a0 POL\u00cdTICA DE COOKIES\u00a0 \u00bfQu\u00e9 son las cookies?\u00a0 En ingl\u00e9s, el t\u00e9rmino \u201ccookie\u201d significa galleta, pero en el \u00e1mbito de la navegaci\u00f3n web, una \u201ccookie\u201d es algo completamente distinto. Cuando accedes a nuestra web, en el navegador de tu dispositivo se almacena [&hellip;]\" \/>\n<meta property=\"og:url\" content=\"https:\/\/www.englishtco.com\/es\/politica-de-cookies\/\" \/>\n<meta property=\"og:site_name\" content=\"The English Training Company\" \/>\n<meta property=\"article:modified_time\" content=\"2024-10-31T12:36:43+00:00\" \/>\n<meta name=\"twitter:card\" content=\"summary_large_image\" \/>\n<meta name=\"twitter:label1\" content=\"Tiempo de lectura\" \/>\n\t<meta name=\"twitter:data1\" content=\"10 minutos\" \/>\n<script type=\"application\/ld+json\" class=\"yoast-schema-graph\">{\"@context\":\"https:\/\/schema.org\",\"@graph\":[{\"@type\":\"WebPage\",\"@id\":\"https:\/\/www.englishtco.com\/es\/politica-de-cookies\/\",\"url\":\"https:\/\/www.englishtco.com\/es\/politica-de-cookies\/\",\"name\":\"Pol\u00edtica de Cookies - The English Training Company\",\"isPartOf\":{\"@id\":\"https:\/\/www.englishtco.com\/#website\"},\"datePublished\":\"2018-05-29T10:51:58+00:00\",\"dateModified\":\"2024-10-31T12:36:43+00:00\",\"breadcrumb\":{\"@id\":\"https:\/\/www.englishtco.com\/es\/politica-de-cookies\/#breadcrumb\"},\"inLanguage\":\"es\",\"potentialAction\":[{\"@type\":\"ReadAction\",\"target\":[\"https:\/\/www.englishtco.com\/es\/politica-de-cookies\/\"]}]},{\"@type\":\"BreadcrumbList\",\"@id\":\"https:\/\/www.englishtco.com\/es\/politica-de-cookies\/#breadcrumb\",\"itemListElement\":[{\"@type\":\"ListItem\",\"position\":1,\"name\":\"Home\",\"item\":\"https:\/\/www.englishtco.com\/es\/\"},{\"@type\":\"ListItem\",\"position\":2,\"name\":\"Pol\u00edtica de Cookies\"}]},{\"@type\":\"WebSite\",\"@id\":\"https:\/\/www.englishtco.com\/#website\",\"url\":\"https:\/\/www.englishtco.com\/\",\"name\":\"The English Training Company\",\"description\":\"Transform and accelerate the speaking confidence in English\",\"publisher\":{\"@id\":\"https:\/\/www.englishtco.com\/#organization\"},\"potentialAction\":[{\"@type\":\"SearchAction\",\"target\":{\"@type\":\"EntryPoint\",\"urlTemplate\":\"https:\/\/www.englishtco.com\/?s={search_term_string}\"},\"query-input\":\"required name=search_term_string\"}],\"inLanguage\":\"es\"},{\"@type\":\"Organization\",\"@id\":\"https:\/\/www.englishtco.com\/#organization\",\"name\":\"The English Training Company\",\"url\":\"https:\/\/www.englishtco.com\/\",\"logo\":{\"@type\":\"ImageObject\",\"inLanguage\":\"es\",\"@id\":\"https:\/\/www.englishtco.com\/#\/schema\/logo\/image\/\",\"url\":\"https:\/\/www.englishtco.com\/wp-content\/uploads\/2017\/02\/logo4.png\",\"contentUrl\":\"https:\/\/www.englishtco.com\/wp-content\/uploads\/2017\/02\/logo4.png\",\"width\":234,\"height\":155,\"caption\":\"The English Training Company\"},\"image\":{\"@id\":\"https:\/\/www.englishtco.com\/#\/schema\/logo\/image\/\"},\"sameAs\":[\"http:\/\/linkedin\/in\/christopherwright1\/\"]}]}<\/script>\n<!-- \/ Yoast SEO plugin. -->","yoast_head_json":{"title":"Pol\u00edtica de Cookies - The English Training Company","robots":{"index":"index","follow":"follow","max-snippet":"max-snippet:-1","max-image-preview":"max-image-preview:large","max-video-preview":"max-video-preview:-1"},"canonical":"https:\/\/www.englishtco.com\/es\/politica-de-cookies\/","og_locale":"es_ES","og_type":"article","og_title":"Pol\u00edtica de Cookies - The English Training Company","og_description":"LSSI \u2013 POL\u00cdTICA DE COOKIES WWW.ENGLISHTCO.COM\u00a0 THE ENGLISH TRAINING COMPANY Y CHRISTOPHER WRIGHT. \u00a0 POL\u00cdTICA DE COOKIES\u00a0 \u00bfQu\u00e9 son las cookies?\u00a0 En ingl\u00e9s, el t\u00e9rmino \u201ccookie\u201d significa galleta, pero en el \u00e1mbito de la navegaci\u00f3n web, una \u201ccookie\u201d es algo completamente distinto. Cuando accedes a nuestra web, en el navegador de tu dispositivo se almacena [&hellip;]","og_url":"https:\/\/www.englishtco.com\/es\/politica-de-cookies\/","og_site_name":"The English Training Company","article_modified_time":"2024-10-31T12:36:43+00:00","twitter_card":"summary_large_image","twitter_misc":{"Tiempo de lectura":"10 minutos"},"schema":{"@context":"https:\/\/schema.org","@graph":[{"@type":"WebPage","@id":"https:\/\/www.englishtco.com\/es\/politica-de-cookies\/","url":"https:\/\/www.englishtco.com\/es\/politica-de-cookies\/","name":"Pol\u00edtica de Cookies - The English Training Company","isPartOf":{"@id":"https:\/\/www.englishtco.com\/#website"},"datePublished":"2018-05-29T10:51:58+00:00","dateModified":"2024-10-31T12:36:43+00:00","breadcrumb":{"@id":"https:\/\/www.englishtco.com\/es\/politica-de-cookies\/#breadcrumb"},"inLanguage":"es","potentialAction":[{"@type":"ReadAction","target":["https:\/\/www.englishtco.com\/es\/politica-de-cookies\/"]}]},{"@type":"BreadcrumbList","@id":"https:\/\/www.englishtco.com\/es\/politica-de-cookies\/#breadcrumb","itemListElement":[{"@type":"ListItem","position":1,"name":"Home","item":"https:\/\/www.englishtco.com\/es\/"},{"@type":"ListItem","position":2,"name":"Pol\u00edtica de Cookies"}]},{"@type":"WebSite","@id":"https:\/\/www.englishtco.com\/#website","url":"https:\/\/www.englishtco.com\/","name":"The English Training Company","description":"Transform and accelerate the speaking confidence in English","publisher":{"@id":"https:\/\/www.englishtco.com\/#organization"},"potentialAction":[{"@type":"SearchAction","target":{"@type":"EntryPoint","urlTemplate":"https:\/\/www.englishtco.com\/?s={search_term_string}"},"query-input":"required name=search_term_string"}],"inLanguage":"es"},{"@type":"Organization","@id":"https:\/\/www.englishtco.com\/#organization","name":"The English Training Company","url":"https:\/\/www.englishtco.com\/","logo":{"@type":"ImageObject","inLanguage":"es","@id":"https:\/\/www.englishtco.com\/#\/schema\/logo\/image\/","url":"https:\/\/www.englishtco.com\/wp-content\/uploads\/2017\/02\/logo4.png","contentUrl":"https:\/\/www.englishtco.com\/wp-content\/uploads\/2017\/02\/logo4.png","width":234,"height":155,"caption":"The English Training Company"},"image":{"@id":"https:\/\/www.englishtco.com\/#\/schema\/logo\/image\/"},"sameAs":["http:\/\/linkedin\/in\/christopherwright1\/"]}]}},"_links":{"self":[{"href":"https:\/\/www.englishtco.com\/es\/wp-json\/wp\/v2\/pages\/1987"}],"collection":[{"href":"https:\/\/www.englishtco.com\/es\/wp-json\/wp\/v2\/pages"}],"about":[{"href":"https:\/\/www.englishtco.com\/es\/wp-json\/wp\/v2\/types\/page"}],"author":[{"embeddable":true,"href":"https:\/\/www.englishtco.com\/es\/wp-json\/wp\/v2\/users\/2"}],"replies":[{"embeddable":true,"href":"https:\/\/www.englishtco.com\/es\/wp-json\/wp\/v2\/comments?post=1987"}],"version-history":[{"count":4,"href":"https:\/\/www.englishtco.com\/es\/wp-json\/wp\/v2\/pages\/1987\/revisions"}],"predecessor-version":[{"id":4280,"href":"https:\/\/www.englishtco.com\/es\/wp-json\/wp\/v2\/pages\/1987\/revisions\/4280"}],"wp:attachment":[{"href":"https:\/\/www.englishtco.com\/es\/wp-json\/wp\/v2\/media?parent=1987"}],"curies":[{"name":"wp","href":"https:\/\/api.w.org\/{rel}","templated":true}]}}