{"id":1623,"date":"2018-03-07T10:22:59","date_gmt":"2018-03-07T10:22:59","guid":{"rendered":"http:\/\/www.englishtco.com\/?page_id=1623\/"},"modified":"2018-06-19T11:19:20","modified_gmt":"2018-06-19T11:19:20","slug":"cursos-online","status":"publish","type":"page","link":"https:\/\/www.englishtco.com\/es\/cursos-online\/","title":{"rendered":"Cursos online \/ Online Courses"},"content":{"rendered":"<h3><a href=\"http:\/\/www.englishtco.com\/cursos-online\/feel-good-presenting-in-english-coaching-program\/\"><img decoding=\"async\" loading=\"lazy\" class=\"alignnone size-medium wp-image-1970\" src=\"http:\/\/www.englishtco.com\/wp-content\/uploads\/2018\/03\/Feel-good-presenting-in-English-2_image-1-300x225.jpg\" alt=\"\" width=\"300\" height=\"225\" srcset=\"https:\/\/www.englishtco.com\/wp-content\/uploads\/2018\/03\/Feel-good-presenting-in-English-2_image-1-300x225.jpg 300w, https:\/\/www.englishtco.com\/wp-content\/uploads\/2018\/03\/Feel-good-presenting-in-English-2_image-1-768x576.jpg 768w, https:\/\/www.englishtco.com\/wp-content\/uploads\/2018\/03\/Feel-good-presenting-in-English-2_image-1.jpg 960w\" sizes=\"(max-width: 300px) 100vw, 300px\" \/><\/a><\/h3>\n<h3><strong>1)<\/strong> &#8216;<strong>Feel good presenting in English&#8217; Coaching program &#8211; Course 1 &amp; 2<\/strong><\/h3>\n<p><strong><em>\u00ab5 Presentaciones x 5 semanas x 3 Coaching feedbacks\u00bb<\/em><\/strong><\/p>\n<p>Haz 5 presentaciones en ingl\u00e9s en 5 semanas &#8211; un programa muy pr\u00e1ctico de coaching en presentaciones en ingl\u00e9s y c\u00f3mo sentirte bien a la hora de hacer presentaciones en ingl\u00e9s.<\/p>\n<p><strong><a href=\"http:\/\/www.englishtco.com\/cursos-online\/feel-good-presenting-in-english-coaching-program\/\">Leer m\u00e1s<\/a><\/strong>.<\/p>\n<p>&nbsp;<\/p>\n<hr \/>\n<p>&nbsp;<\/p>\n<p><img decoding=\"async\" loading=\"lazy\" class=\"alignnone size-medium wp-image-2146\" src=\"http:\/\/www.englishtco.com\/wp-content\/uploads\/2018\/03\/Busy-English-Speakers-Club-300x225.jpg\" alt=\"\" width=\"300\" height=\"225\" srcset=\"https:\/\/www.englishtco.com\/wp-content\/uploads\/2018\/03\/Busy-English-Speakers-Club-300x225.jpg 300w, https:\/\/www.englishtco.com\/wp-content\/uploads\/2018\/03\/Busy-English-Speakers-Club-768x576.jpg 768w, https:\/\/www.englishtco.com\/wp-content\/uploads\/2018\/03\/Busy-English-Speakers-Club.jpg 960w\" sizes=\"(max-width: 300px) 100vw, 300px\" \/><\/p>\n<h3><strong>2)<\/strong>\u00a0&#8216;Busy English Speakers Club (online)&#8217;<\/h3>\n<p>Un club conversacional de ingl\u00e9s online para personas y profesionales ocupados.<\/p>\n<p>An English speaking club for busy people. 1) Practice speaking in English. 2) 10 speaking tasks of 1 to 3 minutes. 3) Give and receive feedback from the group. 4) Want more help and support? Get in touch with us at The English Training Company (www.englishtco.com) Get speaking English!<\/p>\n<p><strong><a href=\"http:\/\/www.englishtco.com\/busy-english-speakers-club-online\/\">Leer m\u00e1s<\/a><\/strong><\/p>\n","protected":false},"excerpt":{"rendered":"<p>1) &#8216;Feel good presenting in English&#8217; Coaching program &#8211; Course 1 &amp; 2 \u00ab5 Presentaciones x 5 semanas x 3 Coaching feedbacks\u00bb Haz 5 presentaciones en ingl\u00e9s en 5 semanas &#8211; un programa muy pr\u00e1ctico de coaching en presentaciones en ingl\u00e9s y c\u00f3mo sentirte bien a la hora de hacer presentaciones en ingl\u00e9s. Leer m\u00e1s. [&hellip;]<\/p>\n","protected":false},"author":2,"featured_media":0,"parent":0,"menu_order":0,"comment_status":"closed","ping_status":"closed","template":"","meta":[],"yoast_head":"<!-- This site is optimized with the Yoast SEO plugin v20.1 - https:\/\/yoast.com\/wordpress\/plugins\/seo\/ -->\n<title>Cursos online \/ Online Courses - The English Training Company<\/title>\n<meta name=\"robots\" content=\"index, follow, max-snippet:-1, max-image-preview:large, max-video-preview:-1\" \/>\n<link rel=\"canonical\" href=\"https:\/\/www.englishtco.com\/es\/cursos-online\/\" \/>\n<meta property=\"og:locale\" content=\"es_ES\" \/>\n<meta property=\"og:type\" content=\"article\" \/>\n<meta property=\"og:title\" content=\"Cursos online \/ Online Courses - The English Training Company\" \/>\n<meta property=\"og:description\" content=\"1) &#8216;Feel good presenting in English&#8217; Coaching program &#8211; Course 1 &amp; 2 \u00ab5 Presentaciones x 5 semanas x 3 Coaching feedbacks\u00bb Haz 5 presentaciones en ingl\u00e9s en 5 semanas &#8211; un programa muy pr\u00e1ctico de coaching en presentaciones en ingl\u00e9s y c\u00f3mo sentirte bien a la hora de hacer presentaciones en ingl\u00e9s. Leer m\u00e1s. [&hellip;]\" \/>\n<meta property=\"og:url\" content=\"https:\/\/www.englishtco.com\/es\/cursos-online\/\" \/>\n<meta property=\"og:site_name\" content=\"The English Training Company\" \/>\n<meta property=\"article:modified_time\" content=\"2018-06-19T11:19:20+00:00\" \/>\n<meta property=\"og:image\" content=\"http:\/\/www.englishtco.com\/wp-content\/uploads\/2018\/03\/Feel-good-presenting-in-English-2_image-1-300x225.jpg\" \/>\n<meta name=\"twitter:card\" content=\"summary_large_image\" \/>\n<meta name=\"twitter:label1\" content=\"Tiempo de lectura\" \/>\n\t<meta name=\"twitter:data1\" content=\"1 minuto\" \/>\n<script type=\"application\/ld+json\" class=\"yoast-schema-graph\">{\"@context\":\"https:\/\/schema.org\",\"@graph\":[{\"@type\":\"WebPage\",\"@id\":\"https:\/\/www.englishtco.com\/es\/cursos-online\/\",\"url\":\"https:\/\/www.englishtco.com\/es\/cursos-online\/\",\"name\":\"Cursos online \/ Online Courses - The English Training Company\",\"isPartOf\":{\"@id\":\"https:\/\/www.englishtco.com\/#website\"},\"datePublished\":\"2018-03-07T10:22:59+00:00\",\"dateModified\":\"2018-06-19T11:19:20+00:00\",\"breadcrumb\":{\"@id\":\"https:\/\/www.englishtco.com\/es\/cursos-online\/#breadcrumb\"},\"inLanguage\":\"es\",\"potentialAction\":[{\"@type\":\"ReadAction\",\"target\":[\"https:\/\/www.englishtco.com\/es\/cursos-online\/\"]}]},{\"@type\":\"BreadcrumbList\",\"@id\":\"https:\/\/www.englishtco.com\/es\/cursos-online\/#breadcrumb\",\"itemListElement\":[{\"@type\":\"ListItem\",\"position\":1,\"name\":\"Home\",\"item\":\"https:\/\/www.englishtco.com\/es\/\"},{\"@type\":\"ListItem\",\"position\":2,\"name\":\"Cursos online \/ Online Courses\"}]},{\"@type\":\"WebSite\",\"@id\":\"https:\/\/www.englishtco.com\/#website\",\"url\":\"https:\/\/www.englishtco.com\/\",\"name\":\"The English Training Company\",\"description\":\"Transform and accelerate the speaking confidence in English\",\"publisher\":{\"@id\":\"https:\/\/www.englishtco.com\/#organization\"},\"potentialAction\":[{\"@type\":\"SearchAction\",\"target\":{\"@type\":\"EntryPoint\",\"urlTemplate\":\"https:\/\/www.englishtco.com\/?s={search_term_string}\"},\"query-input\":\"required name=search_term_string\"}],\"inLanguage\":\"es\"},{\"@type\":\"Organization\",\"@id\":\"https:\/\/www.englishtco.com\/#organization\",\"name\":\"The English Training Company\",\"url\":\"https:\/\/www.englishtco.com\/\",\"logo\":{\"@type\":\"ImageObject\",\"inLanguage\":\"es\",\"@id\":\"https:\/\/www.englishtco.com\/#\/schema\/logo\/image\/\",\"url\":\"https:\/\/www.englishtco.com\/wp-content\/uploads\/2017\/02\/logo4.png\",\"contentUrl\":\"https:\/\/www.englishtco.com\/wp-content\/uploads\/2017\/02\/logo4.png\",\"width\":234,\"height\":155,\"caption\":\"The English Training Company\"},\"image\":{\"@id\":\"https:\/\/www.englishtco.com\/#\/schema\/logo\/image\/\"},\"sameAs\":[\"http:\/\/linkedin\/in\/christopherwright1\/\"]}]}<\/script>\n<!-- \/ Yoast SEO plugin. -->","yoast_head_json":{"title":"Cursos online \/ Online Courses - The English Training Company","robots":{"index":"index","follow":"follow","max-snippet":"max-snippet:-1","max-image-preview":"max-image-preview:large","max-video-preview":"max-video-preview:-1"},"canonical":"https:\/\/www.englishtco.com\/es\/cursos-online\/","og_locale":"es_ES","og_type":"article","og_title":"Cursos online \/ Online Courses - The English Training Company","og_description":"1) &#8216;Feel good presenting in English&#8217; Coaching program &#8211; Course 1 &amp; 2 \u00ab5 Presentaciones x 5 semanas x 3 Coaching feedbacks\u00bb Haz 5 presentaciones en ingl\u00e9s en 5 semanas &#8211; un programa muy pr\u00e1ctico de coaching en presentaciones en ingl\u00e9s y c\u00f3mo sentirte bien a la hora de hacer presentaciones en ingl\u00e9s. Leer m\u00e1s. [&hellip;]","og_url":"https:\/\/www.englishtco.com\/es\/cursos-online\/","og_site_name":"The English Training Company","article_modified_time":"2018-06-19T11:19:20+00:00","og_image":[{"url":"http:\/\/www.englishtco.com\/wp-content\/uploads\/2018\/03\/Feel-good-presenting-in-English-2_image-1-300x225.jpg"}],"twitter_card":"summary_large_image","twitter_misc":{"Tiempo de lectura":"1 minuto"},"schema":{"@context":"https:\/\/schema.org","@graph":[{"@type":"WebPage","@id":"https:\/\/www.englishtco.com\/es\/cursos-online\/","url":"https:\/\/www.englishtco.com\/es\/cursos-online\/","name":"Cursos online \/ Online Courses - The English Training Company","isPartOf":{"@id":"https:\/\/www.englishtco.com\/#website"},"datePublished":"2018-03-07T10:22:59+00:00","dateModified":"2018-06-19T11:19:20+00:00","breadcrumb":{"@id":"https:\/\/www.englishtco.com\/es\/cursos-online\/#breadcrumb"},"inLanguage":"es","potentialAction":[{"@type":"ReadAction","target":["https:\/\/www.englishtco.com\/es\/cursos-online\/"]}]},{"@type":"BreadcrumbList","@id":"https:\/\/www.englishtco.com\/es\/cursos-online\/#breadcrumb","itemListElement":[{"@type":"ListItem","position":1,"name":"Home","item":"https:\/\/www.englishtco.com\/es\/"},{"@type":"ListItem","position":2,"name":"Cursos online \/ Online Courses"}]},{"@type":"WebSite","@id":"https:\/\/www.englishtco.com\/#website","url":"https:\/\/www.englishtco.com\/","name":"The English Training Company","description":"Transform and accelerate the speaking confidence in English","publisher":{"@id":"https:\/\/www.englishtco.com\/#organization"},"potentialAction":[{"@type":"SearchAction","target":{"@type":"EntryPoint","urlTemplate":"https:\/\/www.englishtco.com\/?s={search_term_string}"},"query-input":"required name=search_term_string"}],"inLanguage":"es"},{"@type":"Organization","@id":"https:\/\/www.englishtco.com\/#organization","name":"The English Training Company","url":"https:\/\/www.englishtco.com\/","logo":{"@type":"ImageObject","inLanguage":"es","@id":"https:\/\/www.englishtco.com\/#\/schema\/logo\/image\/","url":"https:\/\/www.englishtco.com\/wp-content\/uploads\/2017\/02\/logo4.png","contentUrl":"https:\/\/www.englishtco.com\/wp-content\/uploads\/2017\/02\/logo4.png","width":234,"height":155,"caption":"The English Training Company"},"image":{"@id":"https:\/\/www.englishtco.com\/#\/schema\/logo\/image\/"},"sameAs":["http:\/\/linkedin\/in\/christopherwright1\/"]}]}},"_links":{"self":[{"href":"https:\/\/www.englishtco.com\/es\/wp-json\/wp\/v2\/pages\/1623"}],"collection":[{"href":"https:\/\/www.englishtco.com\/es\/wp-json\/wp\/v2\/pages"}],"about":[{"href":"https:\/\/www.englishtco.com\/es\/wp-json\/wp\/v2\/types\/page"}],"author":[{"embeddable":true,"href":"https:\/\/www.englishtco.com\/es\/wp-json\/wp\/v2\/users\/2"}],"replies":[{"embeddable":true,"href":"https:\/\/www.englishtco.com\/es\/wp-json\/wp\/v2\/comments?post=1623"}],"version-history":[{"count":0,"href":"https:\/\/www.englishtco.com\/es\/wp-json\/wp\/v2\/pages\/1623\/revisions"}],"wp:attachment":[{"href":"https:\/\/www.englishtco.com\/es\/wp-json\/wp\/v2\/media?parent=1623"}],"curies":[{"name":"wp","href":"https:\/\/api.w.org\/{rel}","templated":true}]}}